{"id":8,"date":"2016-08-15T10:01:29","date_gmt":"2016-08-15T08:01:29","guid":{"rendered":"https:\/\/lauko-comfort.nl\/?page_id=8"},"modified":"2023-04-19T09:06:17","modified_gmt":"2023-04-19T07:06:17","slug":"home","status":"publish","type":"page","link":"https:\/\/lauko-comfort.nl\/de\/","title":{"rendered":"Home"},"content":{"rendered":"[vc_row full_width=&#8220;stretch_row_content_no_spaces&#8220; parallax=&#8220;content-moving&#8220; parallax_image=&#8220;472&#8243;][vc_column][vc_empty_space height=&#8220;350px&#8220;][vc_row_inner][vc_column_inner width=&#8220;1\/2&#8243;][\/vc_column_inner][vc_column_inner width=&#8220;1\/2&#8243; css=&#8220;.vc_custom_1471253806272{margin-left: 40px !important;background-color: rgba(255,255,255,0.79) !important;*background-color: rgb(255,255,255) !important;}&#8220;][vc_column_text css=&#8220;.vc_custom_1501839215402{padding-top: 1px !important;padding-bottom: 25px !important;padding-left: 30px !important;}&#8220;]\n<h2><span style=\"color: #1f3b72; font-family: Montserrat; font-size: 36px;\">NR.1 EUTERPFLEGE-<\/span><br \/>\n<span style=\"color: #1f3b72; font-family: Montserrat; font-size: 36px;\">PRODUKT WELTWEIT<\/span><br \/>\n<span style=\"color: #7ea0c4; font-family: Montserrat; font-size: 36px;\">DIE WAHL DER<\/span><br \/>\n<span style=\"color: #7ea0c4; font-family: Montserrat; font-size: 36px;\">CHAMPIONS<\/span><\/h2>\n[\/vc_column_text][\/vc_column_inner][\/vc_row_inner][vc_empty_space height=&#8220;5px&#8220;][\/vc_column][\/vc_row][vc_row full_width=&#8220;stretch_row_content&#8220; css=&#8220;.vc_custom_1471252783837{background-color: #1f3b72 !important;}&#8220;][vc_column][vc_empty_space][vc_column_text]\n<h3 style=\"text-align: center;\"><span style=\"color: #ffffff;\">F\u00dcR QUALIT\u00c4TSEUTER, DIE QUALIT\u00c4TSMILCH PRODUZIEREN<\/span><\/h3>\n[\/vc_column_text][vc_empty_space][\/vc_column][\/vc_row][vc_row][vc_column][vc_empty_space height=&#8220;70px&#8220;][vc_row_inner][vc_column_inner width=&#8220;1\/3&#8243;]<div class=\"woocommerce \">\n<ul class=\"products wpex-row clr\"><li class=\"entry has-media col wpex-woo-entry span_1_of_3 product type-product post-161 status-publish first instock product_cat-lotions has-post-thumbnail taxable shipping-taxable purchasable product-type-simple\">\n\t<div class=\"product-inner clr\"><div class=\"wpex-loop-product-images\"><a href=\"https:\/\/lauko-comfort.nl\/de\/http:\/lauko-comfort.nl\/product\/sample-product\/lauko-comfort-witte-lotion-300-ml\/\" class=\"woocommerce-LoopProduct-link woocommerce-loop-product__link\"><img loading=\"lazy\" decoding=\"async\" class=\"woo-entry-image-main wp-post-image\" alt=\"UDDER-COMFORT &#8211; White Lotion\" src=\"https:\/\/lauko-comfort.nl\/wp-content\/uploads\/2016\/08\/white_lotion.jpg\" data-no-retina width=\"400\" height=\"400\" \/><\/a>\t\t<div class=\"wpex-loop-product-add-to-cart\"><a href=\"\/de\/wp-json\/wp\/v2\/pages\/8?add-to-cart=161\" aria-describedby=\"woocommerce_loop_add_to_cart_link_describedby_161\" data-quantity=\"1\" class=\"button product_type_simple add_to_cart_button ajax_add_to_cart\" data-product_id=\"161\" data-product_sku=\"\" aria-label=\"In den Warenkorb legen: \u201eUDDER-COMFORT - White Lotion\u201c\" rel=\"nofollow\" data-success_message=\"\u201eUDDER-COMFORT - White Lotion\u201c wurde deinem Warenkorb hinzugef\u00fcgt\" role=\"button\">In den Warenkorb<\/a>\t<span id=\"woocommerce_loop_add_to_cart_link_describedby_161\" class=\"screen-reader-text\">\n\t\t\t<\/span>\n<\/div>\n\t<\/div><div class=\"product-details match-height-content\"><a href=\"https:\/\/lauko-comfort.nl\/de\/http:\/lauko-comfort.nl\/product\/sample-product\/lauko-comfort-witte-lotion-300-ml\/\"><h2 class=\"woocommerce-loop-product__title\">UDDER-COMFORT &#8211; White Lotion<\/h2><\/a>\n\t<span class=\"price\"><span class=\"woocommerce-Price-amount amount\"><bdi><span class=\"woocommerce-Price-currencySymbol\">&euro;<\/span>&nbsp;36,50<\/bdi><\/span> <small class=\"woocommerce-price-suffix\">excl. MwSt.<\/small><\/span>\n<\/div><\/div><\/li>\n<\/ul>\n<\/div>[\/vc_column_inner][vc_column_inner width=&#8220;1\/3&#8243;]<div class=\"woocommerce \">\n<ul class=\"products wpex-row clr\"><li class=\"entry has-media col wpex-woo-entry span_1_of_3 product type-product post-184 status-publish first instock product_cat-sprays has-post-thumbnail taxable shipping-taxable purchasable product-type-simple\">\n\t<div class=\"product-inner clr\"><div class=\"wpex-loop-product-images\"><a href=\"https:\/\/lauko-comfort.nl\/de\/http:\/lauko-comfort.nl\/product\/sample-product\/lauko-comfort-gele-spray-500-ml\/\" class=\"woocommerce-LoopProduct-link woocommerce-loop-product__link\"><img loading=\"lazy\" decoding=\"async\" class=\"woo-entry-image-main wp-post-image\" alt=\"UDDER-COMFORT &#8211; Yellow Spray\" src=\"https:\/\/lauko-comfort.nl\/wp-content\/uploads\/2016\/08\/yellow_spray.jpg\" data-no-retina width=\"400\" height=\"400\" \/><\/a>\t\t<div class=\"wpex-loop-product-add-to-cart\"><a href=\"\/de\/wp-json\/wp\/v2\/pages\/8?add-to-cart=184\" aria-describedby=\"woocommerce_loop_add_to_cart_link_describedby_184\" data-quantity=\"1\" class=\"button product_type_simple add_to_cart_button ajax_add_to_cart\" data-product_id=\"184\" data-product_sku=\"\" aria-label=\"In den Warenkorb legen: \u201eUDDER-COMFORT - Yellow Spray\u201c\" rel=\"nofollow\" data-success_message=\"\u201eUDDER-COMFORT - Yellow Spray\u201c wurde deinem Warenkorb hinzugef\u00fcgt\" role=\"button\">In den Warenkorb<\/a>\t<span id=\"woocommerce_loop_add_to_cart_link_describedby_184\" class=\"screen-reader-text\">\n\t\t\t<\/span>\n<\/div>\n\t<\/div><div class=\"product-details match-height-content\"><a href=\"https:\/\/lauko-comfort.nl\/de\/http:\/lauko-comfort.nl\/product\/sample-product\/lauko-comfort-gele-spray-500-ml\/\"><h2 class=\"woocommerce-loop-product__title\">UDDER-COMFORT &#8211; Yellow Spray<\/h2><\/a>\n\t<span class=\"price\"><span class=\"woocommerce-Price-amount amount\"><bdi><span class=\"woocommerce-Price-currencySymbol\">&euro;<\/span>&nbsp;58,00<\/bdi><\/span> <small class=\"woocommerce-price-suffix\">excl. MwSt.<\/small><\/span>\n<\/div><\/div><\/li>\n<\/ul>\n<\/div>[\/vc_column_inner][vc_column_inner width=&#8220;1\/3&#8243;]<div class=\"woocommerce \">\n<ul class=\"products wpex-row clr\"><li class=\"entry has-media col wpex-woo-entry span_1_of_3 product type-product post-182 status-publish first instock product_cat-sprays has-post-thumbnail taxable shipping-taxable purchasable product-type-simple\">\n\t<div class=\"product-inner clr\"><div class=\"wpex-loop-product-images\"><a href=\"https:\/\/lauko-comfort.nl\/de\/http:\/lauko-comfort.nl\/product\/sample-product\/lauko-comfort-blauwe-spray-500-ml\/\" class=\"woocommerce-LoopProduct-link woocommerce-loop-product__link\"><img loading=\"lazy\" decoding=\"async\" class=\"woo-entry-image-main wp-post-image\" alt=\"UDDER-COMFORT &#8211; Blue Spray\" src=\"https:\/\/lauko-comfort.nl\/wp-content\/uploads\/2016\/08\/blue_spray.jpg\" data-no-retina width=\"400\" height=\"400\" \/><\/a>\t\t<div class=\"wpex-loop-product-add-to-cart\"><a href=\"\/de\/wp-json\/wp\/v2\/pages\/8?add-to-cart=182\" aria-describedby=\"woocommerce_loop_add_to_cart_link_describedby_182\" data-quantity=\"1\" class=\"button product_type_simple add_to_cart_button ajax_add_to_cart\" data-product_id=\"182\" data-product_sku=\"\" aria-label=\"In den Warenkorb legen: \u201eUDDER-COMFORT - Blue Spray\u201c\" rel=\"nofollow\" data-success_message=\"\u201eUDDER-COMFORT - Blue Spray\u201c wurde deinem Warenkorb hinzugef\u00fcgt\" role=\"button\">In den Warenkorb<\/a>\t<span id=\"woocommerce_loop_add_to_cart_link_describedby_182\" class=\"screen-reader-text\">\n\t\t\t<\/span>\n<\/div>\n\t<\/div><div class=\"product-details match-height-content\"><a href=\"https:\/\/lauko-comfort.nl\/de\/http:\/lauko-comfort.nl\/product\/sample-product\/lauko-comfort-blauwe-spray-500-ml\/\"><h2 class=\"woocommerce-loop-product__title\">UDDER-COMFORT &#8211; Blue Spray<\/h2><\/a>\n\t<span class=\"price\"><span class=\"woocommerce-Price-amount amount\"><bdi><span class=\"woocommerce-Price-currencySymbol\">&euro;<\/span>&nbsp;58,00<\/bdi><\/span> <small class=\"woocommerce-price-suffix\">excl. MwSt.<\/small><\/span>\n<\/div><\/div><\/li>\n<\/ul>\n<\/div>[\/vc_column_inner][\/vc_row_inner][\/vc_column][\/vc_row][vc_row full_width=&#8220;stretch_row&#8220; css=&#8220;.vc_custom_1471514812895{background-color: #7ea0c4 !important;}&#8220;][vc_column][vc_empty_space height=&#8220;68px&#8220;][vc_row_inner gap=&#8220;20&#8243;][vc_column_inner width=&#8220;1\/2&#8243;][vc_column_text]\n<p style=\"text-align: left;\"><span style=\"font-size: 21px; font-family: Montserrat; color: #ffffff;\">UNSER UNTERNEHMEN<\/span><\/p>\n[\/vc_column_text][vc_empty_space height=&#8220;8px&#8220;][vc_column_text]<span style=\"font-family: 'Open Sans'; color: #ffffff;\">Bei LAUKO-COMFORT handelt es sich um ein niederl\u00e4ndisches Unternehmen, das UDDER-COMFORT importiert und in Europa verkauft. UDDER-COMFORT ist ein einzigartiges Produkt aus essenziellen \u00d6len, das Milch produzierende Euter beruhigt und pflegt.<\/span>[\/vc_column_text][vc_empty_space height=&#8220;8px&#8220;][\/vc_column_inner][vc_column_inner width=&#8220;1\/2&#8243;][vc_column_text]\n<p style=\"text-align: left;\"><span style=\"font-size: 21px; font-family: Montserrat; color: #ffffff;\">UNSERE VERPFLICHTUNG<\/span><\/p>\n[\/vc_column_text][vc_empty_space height=&#8220;8px&#8220;][vc_column_text]<span style=\"font-family: 'Open Sans'; color: #ffffff;\">Ehrlichkeit, Integrit\u00e4t, Verantwortung, Hingabe und ein au\u00dfergew\u00f6hnlich guter Kundendienst: das sind die Werte nach denen wir leben und konsequent streben.<\/span>[\/vc_column_text][vc_empty_space height=&#8220;10px&#8220;]<a href=\"https:\/\/lauko-comfort.nl\/over-ons\/\" class=\"vcex-button theme-button small inline animate-on-hover\" style=\"background:#1f3b72;color:#ffffff;font-family:Montserrat;\" data-wpex-hover='{&quot;background&quot;:&quot;#7ea0c4&quot;,&quot;color&quot;:&quot;#f2f2f2&quot;}'><span class=\"theme-button-inner\">Weitere Informationen zu LAUKO-COMFORT<span class=\"vcex-icon-wrap theme-button-icon-right\" style=\"padding-left:10px;\"><span class=\"ticon ticon-arrow-right\"><\/span><\/span><\/span><\/a> [\/vc_column_inner][\/vc_row_inner][\/vc_column][\/vc_row]","protected":false},"excerpt":{"rendered":"<p>[vc_row full_width=&#8220;stretch_row_content_no_spaces&#8220; parallax=&#8220;content-moving&#8220; parallax_image=&#8220;472&#8243;][vc_column][vc_empty_space height=&#8220;350px&#8220;][vc_row_inner][vc_column_inner width=&#8220;1\/2&#8243;][\/vc_column_inner][vc_column_inner width=&#8220;1\/2&#8243; css=&#8220;.vc_custom_1471253806272{margin-left: 40px !important;background-color: rgba(255,255,255,0.79) !important;*background-color: rgb(255,255,255) !important;}&#8220;][vc_column_text css=&#8220;.vc_custom_1501839215402{padding-top: 1px !important;padding-bottom: 25px !important;padding-left: 30px !important;}&#8220;] NR.1 EUTERPFLEGE- PRODUKT WELTWEIT DIE WAHL DER CHAMPIONS [\/vc_column_text][\/vc_column_inner][\/vc_row_inner][vc_empty_space height=&#8220;5px&#8220;][\/vc_column][\/vc_row][vc_row full_width=&#8220;stretch_row_content&#8220; css=&#8220;.vc_custom_1471252783837{background-color: #1f3b72 !important;}&#8220;][vc_column][vc_empty_space][vc_column_text] F\u00dcR QUALIT\u00c4TSEUTER, DIE QUALIT\u00c4TSMILCH PRODUZIEREN&hellip;<\/p>\n","protected":false},"author":1,"featured_media":0,"parent":0,"menu_order":0,"comment_status":"closed","ping_status":"closed","template":"","meta":{"footnotes":""},"class_list":["post-8","page","type-page","status-publish","hentry","entry","no-media"],"_links":{"self":[{"href":"https:\/\/lauko-comfort.nl\/de\/wp-json\/wp\/v2\/pages\/8","targetHints":{"allow":["GET"]}}],"collection":[{"href":"https:\/\/lauko-comfort.nl\/de\/wp-json\/wp\/v2\/pages"}],"about":[{"href":"https:\/\/lauko-comfort.nl\/de\/wp-json\/wp\/v2\/types\/page"}],"author":[{"embeddable":true,"href":"https:\/\/lauko-comfort.nl\/de\/wp-json\/wp\/v2\/users\/1"}],"replies":[{"embeddable":true,"href":"https:\/\/lauko-comfort.nl\/de\/wp-json\/wp\/v2\/comments?post=8"}],"version-history":[{"count":3,"href":"https:\/\/lauko-comfort.nl\/de\/wp-json\/wp\/v2\/pages\/8\/revisions"}],"predecessor-version":[{"id":1355,"href":"https:\/\/lauko-comfort.nl\/de\/wp-json\/wp\/v2\/pages\/8\/revisions\/1355"}],"wp:attachment":[{"href":"https:\/\/lauko-comfort.nl\/de\/wp-json\/wp\/v2\/media?parent=8"}],"curies":[{"name":"wp","href":"https:\/\/api.w.org\/{rel}","templated":true}]}}