{"id":93,"date":"2016-08-15T13:47:19","date_gmt":"2016-08-15T11:47:19","guid":{"rendered":"https:\/\/lauko-comfort.nl\/?page_id=93"},"modified":"2017-08-07T14:00:06","modified_gmt":"2017-08-07T12:00:06","slug":"over-ons","status":"publish","type":"page","link":"https:\/\/lauko-comfort.nl\/de\/over-ons\/","title":{"rendered":"Unternehmen"},"content":{"rendered":"[vc_row full_width=&#8220;stretch_row&#8220; parallax=&#8220;content-moving&#8220; css=&#8220;.vc_custom_1471529335915{margin-top: -1px !important;background-image: url(https:\/\/lauko-comfort.nl\/wp-content\/uploads\/2016\/08\/lauko_comfort_banner_koeienheader.jpg?id=311) !important;}&#8220;][vc_column][vc_empty_space height=&#8220;100px&#8220;][vc_row_inner][vc_column_inner width=&#8220;1\/2&#8243;][\/vc_column_inner][vc_column_inner width=&#8220;1\/2&#8243; css=&#8220;.vc_custom_1471534094860{background-color: rgba(255,255,255,0.87) !important;*background-color: rgb(255,255,255) !important;}&#8220;][vc_column_text css=&#8220;.vc_custom_1502107203629{padding-top: 20px !important;padding-right: 25px !important;padding-left: 25px !important;}&#8220;]\n<p style=\"text-align: left;\"><span style=\"font-family: Montserrat; font-size: 21px; color: #7ea0c4;\">UNSER UNTERNEHMEN<\/span><\/p>\n[\/vc_column_text][vc_empty_space height=&#8220;10px&#8220;][vc_column_text css=&#8220;.vc_custom_1502107191107{padding-right: 25px !important;padding-bottom: 20px !important;padding-left: 25px !important;}&#8220;]\n<p style=\"text-align: left;\"><span style=\"font-family: 'Open Sans'; color: #1f3b72; font-size: 14px;\">Bei LAUKO-COMFORT handelt es sich um ein niederl\u00e4ndisches Unternehmen, das UDDER-COMFORT importiert und in Europa verkauft. UDDER-COMFORT ist ein einzigartiges Produkt aus essenziellen \u00d6len, das Milch produzierende Euter beruhigt und pflegt.<br \/>\n<\/span><\/p>\n[\/vc_column_text][\/vc_column_inner][\/vc_row_inner][vc_empty_space height=&#8220;50px&#8220;][\/vc_column][\/vc_row][vc_row][vc_column][vc_empty_space height=&#8220;56px&#8220;][vc_column_text]\n<h4 style=\"text-align: left;\"><span style=\"font-family: Montserrat; font-size: 21px; color: #7ea0c4;\">DIE EVOLUTION UNSERER EUTER-PFLEGEPRODUKTE<\/span><\/h4>\n[\/vc_column_text][vc_empty_space height=&#8220;10px&#8220;][vc_row_inner gap=&#8220;20&#8243;][vc_column_inner width=&#8220;1\/2&#8243;][vc_column_text]\n<p style=\"text-align: left;\"><span style=\"font-family: 'Open Sans'; font-size: 14px; color: #1f3b72;\">Die Euter-Pflegeprodukt-Marke UDDER-COMFORT, brachte 1998 ihr erstes, einzigartiges Naturprodukt auf den Markt, die Wei\u00dfe Lotion. Diese entwickelte sich zur Blauen Lotion, die f\u00fcr diverse Mitarbeiter in gro\u00dfen Viehbest\u00e4nden problemlos erkenntlich ist, sp\u00e4ter folgte das Blaue Spray, f\u00fcr noch mehr Benutzerfreundlichkeit und Effizienz. Im Jahr 2009 folgte \u2013 f\u00fcr die Verwendung in biologischen Unternehmen \u2013 das Gelbe Spray, welches zwar gelb ist, wenn es aufgetragen wird, aber nach der schnellen Trocknung farblos ist.<\/span><\/p>\n[\/vc_column_text][\/vc_column_inner][vc_column_inner width=&#8220;1\/2&#8243;][vc_column_text]\n<p style=\"text-align: left;\"><span style=\"color: #1f3b72; font-family: 'Open Sans'; font-size: 14px;\">LAUKO-COMFORT hat sein Sortiment um die UDDER-COMFORT Spray-Gun erweitert. Das Produkt wirkt mit Druckluft, was eine schnellere und genauere Anbringung auf dem Euter erm\u00f6glicht. Au\u00dferdem ist LAUKO-COMFORT Vertreiber von Wescor&#8217;s Mas-D-Tec\u2122, einem handlichen elektronischen Messger\u00e4t zur Bestimmung der Leitf\u00e4higkeit der Milch \u2013 ein einfaches, unkompliziertes, schnelles, genaues und handliches Instrument mit dem eine subklinische Mastitis in den individuellen Vierteln diagnostiziert werden kann \u2013 f\u00fcr die Optimierung eines jeden Euterpflege- und Managementprogramms. <\/span><\/p>\n[\/vc_column_text][\/vc_column_inner][\/vc_row_inner][\/vc_column][\/vc_row][vc_row full_width=&#8220;stretch_row&#8220; parallax=&#8220;content-moving&#8220; parallax_image=&#8220;109&#8243;][vc_column][vc_empty_space height=&#8220;10px&#8220;][vc_column_text]\n<h3 style=\"text-align: center;\"><span style=\"color: #ffffff; font-family: Montserrat;\">EIN AUSSERGEW\u00d6HNLICH GUTER KUNDENDIENST, EHRLICHKEIT UND VERANTWORTUNG. DAS SIND DIE KERNPUNKTE NACH DENEN WIR LEBEN UND KONSEQUENT STREBEN <\/span><\/h3>\n[\/vc_column_text][vc_empty_space height=&#8220;20px&#8220;][\/vc_column][\/vc_row]","protected":false},"excerpt":{"rendered":"<p>[vc_row full_width=&#8220;stretch_row&#8220; parallax=&#8220;content-moving&#8220; css=&#8220;.vc_custom_1471529335915{margin-top: -1px !important;background-image: url(https:\/\/lauko-comfort.nl\/wp-content\/uploads\/2016\/08\/lauko_comfort_banner_koeienheader.jpg?id=311) !important;}&#8220;][vc_column][vc_empty_space height=&#8220;100px&#8220;][vc_row_inner][vc_column_inner width=&#8220;1\/2&#8243;][\/vc_column_inner][vc_column_inner width=&#8220;1\/2&#8243; css=&#8220;.vc_custom_1471534094860{background-color: rgba(255,255,255,0.87) !important;*background-color: rgb(255,255,255) !important;}&#8220;][vc_column_text css=&#8220;.vc_custom_1502107203629{padding-top: 20px !important;padding-right: 25px !important;padding-left: 25px !important;}&#8220;] UNSER UNTERNEHMEN [\/vc_column_text][vc_empty_space height=&#8220;10px&#8220;][vc_column_text css=&#8220;.vc_custom_1502107191107{padding-right: 25px !important;padding-bottom: 20px !important;padding-left: 25px !important;}&#8220;] Bei LAUKO-COMFORT handelt es sich um&hellip;<\/p>\n","protected":false},"author":1,"featured_media":0,"parent":0,"menu_order":0,"comment_status":"closed","ping_status":"closed","template":"","meta":{"footnotes":""},"class_list":["post-93","page","type-page","status-publish","hentry","entry","no-media"],"_links":{"self":[{"href":"https:\/\/lauko-comfort.nl\/de\/wp-json\/wp\/v2\/pages\/93","targetHints":{"allow":["GET"]}}],"collection":[{"href":"https:\/\/lauko-comfort.nl\/de\/wp-json\/wp\/v2\/pages"}],"about":[{"href":"https:\/\/lauko-comfort.nl\/de\/wp-json\/wp\/v2\/types\/page"}],"author":[{"embeddable":true,"href":"https:\/\/lauko-comfort.nl\/de\/wp-json\/wp\/v2\/users\/1"}],"replies":[{"embeddable":true,"href":"https:\/\/lauko-comfort.nl\/de\/wp-json\/wp\/v2\/comments?post=93"}],"version-history":[{"count":0,"href":"https:\/\/lauko-comfort.nl\/de\/wp-json\/wp\/v2\/pages\/93\/revisions"}],"wp:attachment":[{"href":"https:\/\/lauko-comfort.nl\/de\/wp-json\/wp\/v2\/media?parent=93"}],"curies":[{"name":"wp","href":"https:\/\/api.w.org\/{rel}","templated":true}]}}