{"id":161,"date":"2016-08-15T15:32:57","date_gmt":"2016-08-15T13:32:57","guid":{"rendered":"https:\/\/lauko-comfort.nl\/?post_type=product&#038;p=161"},"modified":"2019-08-22T11:17:53","modified_gmt":"2019-08-22T09:17:53","slug":"lauko-comfort-witte-lotion-300-ml","status":"publish","type":"product","link":"https:\/\/lauko-comfort.nl\/de\/http:\/lauko-comfort.nl\/product\/sample-product\/lauko-comfort-witte-lotion-300-ml\/","title":{"rendered":"UDDER-COMFORT &#8211; White Lotion"},"content":{"rendered":"Das Produkt UDDER-COMFORT\u2122 ist eine Mischung aus essenziellen nat\u00fcrlichen \u00d6len, die Linderung bei verh\u00e4rteten und empfindlichen Eutern nach dem Abkalben bietet und beruhigt \u2013 f\u00fcr Qualit\u00e4tseuter, die Qualit\u00e4tsmilch produzieren. Nur zur \u00e4u\u00dferen Anwendung auf dem Euter, nach dem Melken, als essenzieller Schritt bei der Euterpflege. Waschen und trocknen Sie die Sauger vor dem Melken gr\u00fcndlich ab.<\/p>\n<p>Die Wei\u00dfe Lotion wird in einer praktischen Flasche geliefert, sodass Sie diese problemlos aufh\u00e4ngen k\u00f6nnen. Die wei\u00dfe F\u00e4rbung verschwindet beim Trocknen.<\/p>\n<p><strong>Anwendung<\/strong><strong><br \/>\n<\/strong>Schritt 1 \u2013 Geben Sie eine geringe Menge des Produkts auf Ihre Hand.<br \/>\nSchritt 2 \u2013 Massieren Sie damit eine kleine Stelle des Euters.<br \/>\nSchritt 3 \u2013 Massieren Sie den Bereich zwischen Euterviertel und Bein mit dem Produkt. Wiederholen Sie dies, bis das gesamte Euter bedeckt ist.","protected":false},"excerpt":{"rendered":"<p>Die Wei\u00dfe Lotion wird in einer praktischen Flasche geliefert, sodass Sie diese problemlos aufh\u00e4ngen k\u00f6nnen. Die wei\u00dfe F\u00e4rbung verschwindet beim Trocknen.<\/p>\n","protected":false},"featured_media":162,"comment_status":"closed","ping_status":"closed","template":"","meta":[],"product_brand":[],"product_cat":[7],"product_tag":[],"class_list":{"0":"post-161","1":"product","2":"type-product","3":"status-publish","4":"has-post-thumbnail","6":"product_cat-lotions","7":"entry","8":"has-media","10":"first","11":"instock","12":"taxable","13":"shipping-taxable","14":"purchasable","15":"product-type-simple","16":"col","17":"wpex-woo-entry","18":"span_1_of_3"},"_links":{"self":[{"href":"https:\/\/lauko-comfort.nl\/de\/wp-json\/wp\/v2\/product\/161","targetHints":{"allow":["GET"]}}],"collection":[{"href":"https:\/\/lauko-comfort.nl\/de\/wp-json\/wp\/v2\/product"}],"about":[{"href":"https:\/\/lauko-comfort.nl\/de\/wp-json\/wp\/v2\/types\/product"}],"replies":[{"embeddable":true,"href":"https:\/\/lauko-comfort.nl\/de\/wp-json\/wp\/v2\/comments?post=161"}],"wp:featuredmedia":[{"embeddable":true,"href":"https:\/\/lauko-comfort.nl\/de\/wp-json\/wp\/v2\/media\/162"}],"wp:attachment":[{"href":"https:\/\/lauko-comfort.nl\/de\/wp-json\/wp\/v2\/media?parent=161"}],"wp:term":[{"taxonomy":"product_brand","embeddable":true,"href":"https:\/\/lauko-comfort.nl\/de\/wp-json\/wp\/v2\/product_brand?post=161"},{"taxonomy":"product_cat","embeddable":true,"href":"https:\/\/lauko-comfort.nl\/de\/wp-json\/wp\/v2\/product_cat?post=161"},{"taxonomy":"product_tag","embeddable":true,"href":"https:\/\/lauko-comfort.nl\/de\/wp-json\/wp\/v2\/product_tag?post=161"}],"curies":[{"name":"wp","href":"https:\/\/api.w.org\/{rel}","templated":true}]}}