{"id":184,"date":"2016-08-18T09:20:48","date_gmt":"2016-08-18T07:20:48","guid":{"rendered":"https:\/\/lauko-comfort.nl\/product\/lauko-comfort-gele-spray-500-ml\/"},"modified":"2019-08-22T11:16:16","modified_gmt":"2019-08-22T09:16:16","slug":"lauko-comfort-gele-spray-500-ml","status":"publish","type":"product","link":"https:\/\/lauko-comfort.nl\/de\/http:\/lauko-comfort.nl\/product\/sample-product\/lauko-comfort-gele-spray-500-ml\/","title":{"rendered":"UDDER-COMFORT &#8211; Yellow Spray"},"content":{"rendered":"Das Produkt UDDER-COMFORT\u2122 ist eine Mischung aus essenziellen nat\u00fcrlichen \u00d6len, die Linderung bei verh\u00e4rteten und empfindlichen Eutern nach dem Abkalben bietet und beruhigt \u2013 f\u00fcr Qualit\u00e4tseuter, die Qualit\u00e4tsmilch produzieren. Nur zur \u00e4u\u00dferen Anwendung auf dem Euter, nach dem Melken, als essenzieller Schritt bei der Euterpflege. Waschen und trocknen Sie die Sauger vor dem Melken gr\u00fcndlich ab.<\/p>\n<p>Das Gelbe Spray wurde f\u00fcr die Verwendung in biologischen Betrieben entwickelt und hat eine nat\u00fcrliche gelbe F\u00e4rbung (Kurkuma). Das Spray ist in Zuchtbetrieben und bei Showtieren sehr beliebt, da dieses beim Auftragen zwar gelb, nach dem Trocknen aber farblos ist.<\/p>\n<p><strong>Anwendung<\/strong><strong><br \/>\n<\/strong>Schritt 1 \u2013 Halten Sie die Spr\u00fchflasche etwa 10 bis 15 cm vom Euterviertel entfernt.<br \/>\nSchritt 2 \u2013 Bewegen Sie die Flasche w\u00e4hrend des Spr\u00fchens nach unten.<br \/>\nSchritt 3 \u2013 Spr\u00fchen Sie das Produkt auf den Bereich zwischen Euterviertel und Bein. Wiederholen Sie dies, bis das gesamte Euter bedeckt ist. Wenn das Produkt vom Euter tropft, haben Sie zu viel verwendet.","protected":false},"excerpt":{"rendered":"<p>Das Gelbe Spray wurde f\u00fcr die Verwendung in biologischen Betrieben entwickelt und hat eine nat\u00fcrliche gelbe F\u00e4rbung (Kurkuma). Das Spray ist in Zuchtbetrieben und bei Showtieren sehr beliebt, da dieses beim Auftragen zwar gelb, nach dem Trocknen aber farblos ist.<\/p>\n","protected":false},"featured_media":185,"comment_status":"closed","ping_status":"closed","template":"","meta":[],"product_brand":[],"product_cat":[8],"product_tag":[],"class_list":{"0":"post-184","1":"product","2":"type-product","3":"status-publish","4":"has-post-thumbnail","6":"product_cat-sprays","7":"entry","8":"has-media","10":"first","11":"instock","12":"taxable","13":"shipping-taxable","14":"purchasable","15":"product-type-simple","16":"col","17":"wpex-woo-entry","18":"span_1_of_3"},"_links":{"self":[{"href":"https:\/\/lauko-comfort.nl\/de\/wp-json\/wp\/v2\/product\/184","targetHints":{"allow":["GET"]}}],"collection":[{"href":"https:\/\/lauko-comfort.nl\/de\/wp-json\/wp\/v2\/product"}],"about":[{"href":"https:\/\/lauko-comfort.nl\/de\/wp-json\/wp\/v2\/types\/product"}],"replies":[{"embeddable":true,"href":"https:\/\/lauko-comfort.nl\/de\/wp-json\/wp\/v2\/comments?post=184"}],"wp:featuredmedia":[{"embeddable":true,"href":"https:\/\/lauko-comfort.nl\/de\/wp-json\/wp\/v2\/media\/185"}],"wp:attachment":[{"href":"https:\/\/lauko-comfort.nl\/de\/wp-json\/wp\/v2\/media?parent=184"}],"wp:term":[{"taxonomy":"product_brand","embeddable":true,"href":"https:\/\/lauko-comfort.nl\/de\/wp-json\/wp\/v2\/product_brand?post=184"},{"taxonomy":"product_cat","embeddable":true,"href":"https:\/\/lauko-comfort.nl\/de\/wp-json\/wp\/v2\/product_cat?post=184"},{"taxonomy":"product_tag","embeddable":true,"href":"https:\/\/lauko-comfort.nl\/de\/wp-json\/wp\/v2\/product_tag?post=184"}],"curies":[{"name":"wp","href":"https:\/\/api.w.org\/{rel}","templated":true}]}}